{"id":2749,"date":"2022-10-05T14:39:57","date_gmt":"2022-10-05T19:39:57","guid":{"rendered":"https:\/\/navarralanguages.uninavarra.edu.co\/?page_id=2749"},"modified":"2022-11-30T11:37:40","modified_gmt":"2022-11-30T16:37:40","slug":"mas-noticias","status":"publish","type":"page","link":"https:\/\/navarralanguages.edu.co\/en\/mas-noticias\/","title":{"rendered":"M\u00e1s noticias"},"content":{"rendered":"<div data-elementor-type=\"wp-page\" data-elementor-id=\"2749\" class=\"elementor elementor-2749\" data-elementor-post-type=\"page\">\n\t\t\t\t\t\t<section class=\"elementor-section elementor-top-section elementor-element elementor-element-a6eb56d elementor-section-boxed elementor-section-height-default elementor-section-height-default\" data-id=\"a6eb56d\" data-element_type=\"section\" data-e-type=\"section\">\n\t\t\t\t\t\t<div class=\"elementor-container elementor-column-gap-default\">\n\t\t\t\t\t<div class=\"elementor-column elementor-col-100 elementor-top-column elementor-element elementor-element-a729c70\" data-id=\"a729c70\" data-element_type=\"column\" data-e-type=\"column\">\n\t\t\t<div class=\"elementor-widget-wrap elementor-element-populated\">\n\t\t\t\t\t\t<div class=\"elementor-element elementor-element-55277cd elementor-widget elementor-widget-spacer\" data-id=\"55277cd\" data-element_type=\"widget\" data-e-type=\"widget\" data-widget_type=\"spacer.default\">\n\t\t\t\t<div class=\"elementor-widget-container\">\n\t\t\t\t\t\t\t<div class=\"elementor-spacer\">\n\t\t\t<div class=\"elementor-spacer-inner\"><\/div>\n\t\t<\/div>\n\t\t\t\t\t\t<\/div>\n\t\t\t\t<\/div>\n\t\t\t\t\t<\/div>\n\t\t<\/div>\n\t\t\t\t\t<\/div>\n\t\t<\/section>\n\t\t\t\t<section class=\"elementor-section elementor-top-section elementor-element elementor-element-0cefcb2 elementor-section-boxed elementor-section-height-default elementor-section-height-default\" data-id=\"0cefcb2\" data-element_type=\"section\" data-e-type=\"section\">\n\t\t\t\t\t\t<div class=\"elementor-container elementor-column-gap-default\">\n\t\t\t\t\t<div class=\"elementor-column elementor-col-100 elementor-top-column elementor-element elementor-element-34800a3\" data-id=\"34800a3\" data-element_type=\"column\" data-e-type=\"column\">\n\t\t\t<div class=\"elementor-widget-wrap elementor-element-populated\">\n\t\t\t\t\t\t<div class=\"elementor-element elementor-element-3a4800d elementor-widget elementor-widget-heading\" data-id=\"3a4800d\" data-element_type=\"widget\" data-e-type=\"widget\" data-widget_type=\"heading.default\">\n\t\t\t\t<div class=\"elementor-widget-container\">\n\t\t\t\t\t<h2 class=\"elementor-heading-title elementor-size-default\">More news<\/h2>\t\t\t\t<\/div>\n\t\t\t\t<\/div>\n\t\t\t\t<div class=\"elementor-element elementor-element-4b36f89 elementor-widget-divider--view-line elementor-widget elementor-widget-divider\" data-id=\"4b36f89\" data-element_type=\"widget\" data-e-type=\"widget\" data-widget_type=\"divider.default\">\n\t\t\t\t<div class=\"elementor-widget-container\">\n\t\t\t\t\t\t\t<div class=\"elementor-divider\">\n\t\t\t<span class=\"elementor-divider-separator\">\n\t\t\t\t\t\t<\/span>\n\t\t<\/div>\n\t\t\t\t\t\t<\/div>\n\t\t\t\t<\/div>\n\t\t\t\t\t<\/div>\n\t\t<\/div>\n\t\t\t\t\t<\/div>\n\t\t<\/section>\n\t\t\t\t<section class=\"elementor-section elementor-top-section elementor-element elementor-element-009df52 elementor-section-boxed elementor-section-height-default elementor-section-height-default\" data-id=\"009df52\" data-element_type=\"section\" data-e-type=\"section\">\n\t\t\t\t\t\t<div class=\"elementor-container elementor-column-gap-default\">\n\t\t\t\t\t<div class=\"elementor-column elementor-col-100 elementor-top-column elementor-element elementor-element-ad67a4a\" data-id=\"ad67a4a\" data-element_type=\"column\" data-e-type=\"column\">\n\t\t\t<div class=\"elementor-widget-wrap elementor-element-populated\">\n\t\t\t\t\t\t<div class=\"elementor-element elementor-element-2b7c965 elementor-widget elementor-widget-spacer\" data-id=\"2b7c965\" data-element_type=\"widget\" data-e-type=\"widget\" data-widget_type=\"spacer.default\">\n\t\t\t\t<div class=\"elementor-widget-container\">\n\t\t\t\t\t\t\t<div class=\"elementor-spacer\">\n\t\t\t<div class=\"elementor-spacer-inner\"><\/div>\n\t\t<\/div>\n\t\t\t\t\t\t<\/div>\n\t\t\t\t<\/div>\n\t\t\t\t\t<\/div>\n\t\t<\/div>\n\t\t\t\t\t<\/div>\n\t\t<\/section>\n\t\t\t\t<section class=\"elementor-section elementor-top-section elementor-element elementor-element-065da9b elementor-section-boxed elementor-section-height-default elementor-section-height-default\" data-id=\"065da9b\" data-element_type=\"section\" data-e-type=\"section\">\n\t\t\t\t\t\t<div class=\"elementor-container elementor-column-gap-default\">\n\t\t\t\t\t<div class=\"elementor-column elementor-col-100 elementor-top-column elementor-element elementor-element-4659b5d\" data-id=\"4659b5d\" data-element_type=\"column\" data-e-type=\"column\">\n\t\t\t<div class=\"elementor-widget-wrap elementor-element-populated\">\n\t\t\t\t\t\t<div class=\"elementor-element elementor-element-d779d92 elementor-widget elementor-widget-pafe-posts-list\" data-id=\"d779d92\" data-element_type=\"widget\" data-e-type=\"widget\" data-widget_type=\"pafe-posts-list.default\">\n\t\t\t\t<div class=\"elementor-widget-container\">\n\t\t\t\t\t \n\t\t\t<div class=\"pafe-posts-list\" data-pafe-posts-list data-pafe-posts-list-option='{\"taxonomy\":\"category\",\"post_type\":\"post\",\"post_per_pages\":10,\"author\":\"\",\"date\":\"yes\",\"excerpt\":\"yes\",\"layout_type\":\"layout_3\"}'>\n\t\t\t \t\n\t\t\t\t<div class=\"pafe-posts-list__filter\" >\n\t\t\t\t\t<div class=\"pafe-posts-list__filter-title\">\n\t\t\t\t\t\t \n\t\t\t\t\t<\/div>\n\t\t\t\t\t<div class=\"pafe-posts-list__filter-list\">\t\n\t\t\t\t\t\t\t\n\t\t\t\t\t\t<span class=\"pafe-posts-list__filter-item\" data-id=\"0\" data-pafe-posts-list-filter-item>All<\/span>\n\t\t\t\t\t\t\t\t\t\t\t\t\t\n\t\t\t\t\t\t\t<span class=\"pafe-posts-list__filter-item\" data-id=\"24\" data-pafe-posts-list-filter-item>Academic<\/span>\n\t\t\t\t\t\t\t\n\t\t\t\t\t\t\t<span class=\"pafe-posts-list__filter-item\" data-id=\"26\" data-pafe-posts-list-filter-item>Admissions<\/span>\n\t\t\t\t\t\t\t\n\t\t\t\t\t\t\t<span class=\"pafe-posts-list__filter-item\" data-id=\"25\" data-pafe-posts-list-filter-item>Informative<\/span>\n\t\t\t\t\t\t\t\n\t\t\t\t\t\t\t<span class=\"pafe-posts-list__filter-item\" data-id=\"1\" data-pafe-posts-list-filter-item>Other<\/span>\n\t\t\t\t\t\t\t\t\t\t\t<\/div>\n\t\t\t\t<\/div> \n\t\t\t\t\n\t\t\t\t<div class=\"pafe-posts-list__post\" data-pafe-tab-content-post>\n\t\t\t\t\t\t<div class=\"pafe-posts-list-first-show_layout-3\">\n\t\t\t\t\t\t\t\n\t\t\t\t\t\t\t\t\t\t\t\t\t\t\t<div class=\"pafe-post-list__left\">\n\t\t\t\t\t\t\t\t\t<div class=\"pafe-card-left\">\n\t\t\t\t\t\t\t\t\t\t\t\t\t\t\t\t\t\t\t\t\t\t\t\t\t\t\t\t\t\t<div class=\"pafe-card-left__inner-layout_3\" style=\"background-image: url('https:\/\/navarralanguages.edu.co\/wp-content\/uploads\/2022\/10\/libros-ingleses-que-descansan-sobre-la-mesa-del-espacio-de-trabajo-scaled.jpg');\"><\/div>\t\n\t\t\t\t\t\t\t\t\t\t\t\t\t\t\t\t\t\t\t \t\t<a class=\"pafe-card-left__content-layout_3\" href=\"https:\/\/navarralanguages.edu.co\/en\/exitoso-ii-english-festival\/\">\t\n\t\t\t\t\t\t\t\t\t\t\t\t<div class=\"pafe-card-left__title\">Learning Beyond the Classroom: Effective Strategies for\u2026<\/div>\n\t\t\t\t\t\t\t\t\t\t\t\t<div class=\"pafe-card-left__info\">\n\t\t\t\t\t\t\t\t\t\t\t\t\t\t\n\t\t\t\t\t\t\t\t\t\t\t\t\t\t\t\t\t\t\t\t\t\t\t\t\t\t<span class=\"pafe-card-left__tag\" style=\"padding-left: 10px;\">\n\t\t\t\t\t\t\t\t\t\t\t\t\t\t<i class=\"far fa-clock\"><\/i>  21 August, 2025\t\t\t\t\t\t\t\t\t\t\t\t\t<\/span>\n\t\t\t\t\t\t\t\t\t\t\t\t\t \n\t\t\t\t\t\t\t\t\t\t\t\t<\/div>\t\n\t\t\t\t\t\t\t\t\t\t\t<\/a>\n\t\t\t\t\t\t\t\t\t\t\t\t\t\t\t\t\t\t\t<\/div>\t\n\t\t\t\t\t\t\t\t<\/div>\n\t\t\t\t\t\t\t\t  \n\t\t\t\t\t\t\t\t\t\t\t\t\t\t\t\n\t\t\t\t\t\t\t\t\n\t\t\t\t\t\t\t\t  \n\t\t\t\t\t\t\t\t \n\t\t\t\t\t\t\t\t<div class=\"pafe-post-list__right\">\n\t\t\t\t\t\t\t\t\t\t\t\t\t\t\t\n\t\t\t\t\t\t\t\t\t<div class=\"pafe-card-right\"> \n\t\t\t\t\t\t\t\t\t\t<div class=\"pafe-card-right__inner\">\n\t\t\t\t\t\t\t\t\t\t\t<a class=\"pafe-card-right__thumbnail\" href=\"https:\/\/navarralanguages.edu.co\/en\/conferencia-con-el-referente-mundial-de-la-educacion-ken-beatty\/\" style=\"background-image: url('https:\/\/navarralanguages.edu.co\/wp-content\/uploads\/2022\/11\/pilas-de-libros-de-ingles-en-la-mesa-del-espacio-de-trabajo-scaled.jpg');\">\n\t\t\t\t\t\t\t\t\t\t\t<\/a>\n\t\t\t\t\t\t\t\t\t\t\t<div class=\"pafe-card-right__content\">\t\t\t\n\t\t\t\t\t\t\t\t\t\t\t\t<a href=\"https:\/\/navarralanguages.edu.co\/en\/conferencia-con-el-referente-mundial-de-la-educacion-ken-beatty\/\"><div class=\"pafe-card-right__title\"> How knowing English can expand your opportunities in the\u2026<\/div><\/a>\n\t\t\t\t\t\t\t\t\t\t\t\t\t\t\t\t\t\t\t\t\t\t\t<div class=\"pafe-card-right__description\">\n\t\t\t\t\t\t\t\t\t\t\t\t\tEstos resultados los corrobor&oacute;&nbsp;un estudio realizado por la firma Resuelve Consultor&iacute;a de Impacto Social, seg&uacute;n el cual el 32 por ciento de los participantes declararon haber encontrado una nueva posici&oacute;n laboral y 78 por ciento atribuye este logro a su participaci&oacute;n en el proyecto y a la mejora de sus habilidades. Igualmente, se redujo el&hellip;&nbsp;&lt;a href=&quot;https:\/\/navarralanguages.edu.co\/en\/conferencia-con-el-referente-mundial-de-la-educacion-ken-beatty\/&quot; rel=&quot;bookmark&quot;&gt;Read More &raquo;&lt;span class=&quot;screen-reader-text&quot;&gt;How can knowing English expand opportunities in the workforce?&lt;\/span&gt;&lt;\/a&gt;\t\t\t\t\t\t\t\t\t\t\t\t<\/div> \n\t\t\t\t\t\t\t\t\t\t\t\t\t\t\t\t\t\t\t\t\t\t\t<div class=\"pafe-card-right__info\">\n\t\t\t\t\t\t\t\t\t\t\t\t\t\t\t\t\t\t\t\t\t\t\t\t\t<span class=\"pafe-card-right__tag\">\n\t\t\t\t\t\t\t\t\t\t\t\t\t\t<i class=\"far fa-clock\"><\/i> 24 July, 2025\t\t\t\t\t\t\t\t\t\t\t\t\t<\/span>  \n\t\t\t\t\t\t\t\t\t\t\t\t\t\t\t\t\t\t\t\t\t\t\t\t<\/div>\n\t\t\t\t\t\t\t\t\t\t\t<\/div>\n\t\t\t\t\t\t\t\t\t\t<\/div>\n\t\t\t\t\t\t\t\t\t<\/div> \n\t\t\t\t\t\t\t\t\n\t\t\t\t\t\t\t\t\n\t\t\t\t\t\t\t\t  \n\t\t\t\t\t\t\t\t\t\t\t\t\t\t\t\n\t\t\t\t\t\t\t\t\t<div class=\"pafe-card-right\"> \n\t\t\t\t\t\t\t\t\t\t<div class=\"pafe-card-right__inner\">\n\t\t\t\t\t\t\t\t\t\t\t<a class=\"pafe-card-right__thumbnail\" href=\"https:\/\/navarralanguages.edu.co\/en\/mejoramos-nuestra-infraestructura\/\" style=\"background-image: url('https:\/\/navarralanguages.edu.co\/wp-content\/uploads\/2022\/09\/kenny-eliason-zFSo6bnZJTw-unsplash-scaled.jpg');\">\n\t\t\t\t\t\t\t\t\t\t\t<\/a>\n\t\t\t\t\t\t\t\t\t\t\t<div class=\"pafe-card-right__content\">\t\t\t\n\t\t\t\t\t\t\t\t\t\t\t\t<a href=\"https:\/\/navarralanguages.edu.co\/en\/mejoramos-nuestra-infraestructura\/\"><div class=\"pafe-card-right__title\"> The Department of Education is quietly eliminating rules for\u2026<\/div><\/a>\n\t\t\t\t\t\t\t\t\t\t\t\t\t\t\t\t\t\t\t\t\t\t\t<div class=\"pafe-card-right__description\">\n\t\t\t\t\t\t\t\t\t\t\t\t\tEl movimiento acelera la orden ejecutiva del presidente Donald Trump que declara al ingl&eacute;s como el &ldquo;idioma oficial&rdquo; del pa&iacute;s. 20 de agosto de 2025, 6:00 a.m. EDT La administraci&oacute;n Trump ha retirado silenciosamente una gu&iacute;a hist&oacute;rica que obligaba a las escuelas a acomodar a los estudiantes que est&aacute;n aprendiendo ingl&eacute;s, lo que alarma a&hellip;&nbsp;&lt;a href=&quot;https:\/\/navarralanguages.edu.co\/en\/mejoramos-nuestra-infraestructura\/&quot; rel=&quot;bookmark&quot;&gt;Read More &raquo;&lt;span class=&quot;screen-reader-text&quot;&gt;Education Department Quietly Eliminates Rules for Teaching English Language Learners&lt;\/span&gt;&lt;\/a&gt;\t\t\t\t\t\t\t\t\t\t\t\t<\/div> \n\t\t\t\t\t\t\t\t\t\t\t\t\t\t\t\t\t\t\t\t\t\t\t<div class=\"pafe-card-right__info\">\n\t\t\t\t\t\t\t\t\t\t\t\t\t\t\t\t\t\t\t\t\t\t\t\t\t<span class=\"pafe-card-right__tag\">\n\t\t\t\t\t\t\t\t\t\t\t\t\t\t<i class=\"far fa-clock\"><\/i> 10 June, 2025\t\t\t\t\t\t\t\t\t\t\t\t\t<\/span>  \n\t\t\t\t\t\t\t\t\t\t\t\t\t\t\t\t\t\t\t\t\t\t\t\t<\/div>\n\t\t\t\t\t\t\t\t\t\t\t<\/div>\n\t\t\t\t\t\t\t\t\t\t<\/div>\n\t\t\t\t\t\t\t\t\t<\/div> \n\t\t\t\t\t\t\t\t\n\t\t\t\t\t\t\t\t\n\t\t\t\t\t\t\t\t  \n\t\t\t\t\t\t\t\t\t\t\t\t\t\t\t\n\t\t\t\t\t\t\t\t\t<div class=\"pafe-card-right\"> \n\t\t\t\t\t\t\t\t\t\t<div class=\"pafe-card-right__inner\">\n\t\t\t\t\t\t\t\t\t\t\t<a class=\"pafe-card-right__thumbnail\" href=\"https:\/\/navarralanguages.edu.co\/en\/entre-la-virtualidad-y-las-tradiciones\/\" style=\"background-image: url('https:\/\/navarralanguages.edu.co\/wp-content\/uploads\/2022\/09\/Noticias-2.png');\">\n\t\t\t\t\t\t\t\t\t\t\t<\/a>\n\t\t\t\t\t\t\t\t\t\t\t<div class=\"pafe-card-right__content\">\t\t\t\n\t\t\t\t\t\t\t\t\t\t\t\t<a href=\"https:\/\/navarralanguages.edu.co\/en\/entre-la-virtualidad-y-las-tradiciones\/\"><div class=\"pafe-card-right__title\"> Between virtuality and traditions<\/div><\/a>\n\t\t\t\t\t\t\t\t\t\t\t\t\t\t\t\t\t\t\t\t\t\t\t<div class=\"pafe-card-right__description\">\n\t\t\t\t\t\t\t\t\t\t\t\t\tlas clases virtuales se han convertido en la mejor metodolog&iacute;a para que nuestros estudiantes puedan manejar su tiempo, y adem&aacute;s ha permitido que los profesores creen nuevas estrategias pedag&oacute;gicas. Por esta raz&oacute;n destacamos a la docente Magda D&iacute;az qui&eacute;n tuvo la iniciativa de enfocar los proyectos interculturales de su curso, en nuestras costumbres y tradiciones,&hellip;&nbsp;&lt;a href=&quot;https:\/\/navarralanguages.edu.co\/en\/entre-la-virtualidad-y-las-tradiciones\/&quot; rel=&quot;bookmark&quot;&gt;Read More &raquo;&lt;span class=&quot;screen-reader-text&quot;&gt;Between virtuality and traditions&lt;\/span&gt;&lt;\/a&gt;\t\t\t\t\t\t\t\t\t\t\t\t<\/div> \n\t\t\t\t\t\t\t\t\t\t\t\t\t\t\t\t\t\t\t\t\t\t\t<div class=\"pafe-card-right__info\">\n\t\t\t\t\t\t\t\t\t\t\t\t\t\t\t\t\t\t\t\t\t\t\t\t\t<span class=\"pafe-card-right__tag\">\n\t\t\t\t\t\t\t\t\t\t\t\t\t\t<i class=\"far fa-clock\"><\/i> 2 May, 2025\t\t\t\t\t\t\t\t\t\t\t\t\t<\/span>  \n\t\t\t\t\t\t\t\t\t\t\t\t\t\t\t\t\t\t\t\t\t\t\t\t<\/div>\n\t\t\t\t\t\t\t\t\t\t\t<\/div>\n\t\t\t\t\t\t\t\t\t\t<\/div>\n\t\t\t\t\t\t\t\t\t<\/div> \n\t\t\t\t\t\t\t\t\n\t\t\t\t\t\t\t\t\n\t\t\t\t\t\t\t\t  \n\t\t\t\t\t\t\t\t\t\t\t\t\t\t\t\n\t\t\t\t\t\t\t\t\t<div class=\"pafe-card-right\"> \n\t\t\t\t\t\t\t\t\t\t<div class=\"pafe-card-right__inner\">\n\t\t\t\t\t\t\t\t\t\t\t<a class=\"pafe-card-right__thumbnail\" href=\"https:\/\/navarralanguages.edu.co\/en\/cursos-vacacionales-diciembre\/\" style=\"background-image: url('https:\/\/navarralanguages.edu.co\/wp-content\/uploads\/2022\/10\/hombre-estudiante-scaled.jpg');\">\n\t\t\t\t\t\t\t\t\t\t\t<\/a>\n\t\t\t\t\t\t\t\t\t\t\t<div class=\"pafe-card-right__content\">\t\t\t\n\t\t\t\t\t\t\t\t\t\t\t\t<a href=\"https:\/\/navarralanguages.edu.co\/en\/cursos-vacacionales-diciembre\/\"><div class=\"pafe-card-right__title\"> Ho Chi Minh City to launch bilingual STEM curriculum with\u2026<\/div><\/a>\n\t\t\t\t\t\t\t\t\t\t\t\t\t\t\t\t\t\t\t\t\t\t\t<div class=\"pafe-card-right__description\">\n\t\t\t\t\t\t\t\t\t\t\t\t\tLa autoridad educativa de la ciudad de Ho Chi Minh anunci&oacute; este mi&eacute;rcoles que lanzar&aacute; un curr&iacute;culo biling&uuml;e de ingl&eacute;s-vietnamita centrado en STEM (Ciencia, Tecnolog&iacute;a, Ingenier&iacute;a y Matem&aacute;ticas) para los grados del 1 al 12 en el a&ntilde;o escolar 2025&ndash;2026, integrando tecnolog&iacute;as de inteligencia artificial (IA) y realidad virtual\/aumentada (VR\/AR) en la ense&ntilde;anza del ingl&eacute;s.&hellip;&nbsp;&lt;a href=&quot;https:\/\/navarralanguages.edu.co\/en\/cursos-vacacionales-diciembre\/&quot; rel=&quot;bookmark&quot;&gt;Read More &raquo;&lt;span class=&quot;screen-reader-text&quot;&gt;Ho Chi Minh City to Launch Bilingual STEM Curriculum with AI and Virtual Reality.&lt;\/span&gt;&lt;\/a&gt;\t\t\t\t\t\t\t\t\t\t\t\t<\/div> \n\t\t\t\t\t\t\t\t\t\t\t\t\t\t\t\t\t\t\t\t\t\t\t<div class=\"pafe-card-right__info\">\n\t\t\t\t\t\t\t\t\t\t\t\t\t\t\t\t\t\t\t\t\t\t\t\t\t<span class=\"pafe-card-right__tag\">\n\t\t\t\t\t\t\t\t\t\t\t\t\t\t<i class=\"far fa-clock\"><\/i> 1 May, 2025\t\t\t\t\t\t\t\t\t\t\t\t\t<\/span>  \n\t\t\t\t\t\t\t\t\t\t\t\t\t\t\t\t\t\t\t\t\t\t\t\t<\/div>\n\t\t\t\t\t\t\t\t\t\t\t<\/div>\n\t\t\t\t\t\t\t\t\t\t<\/div>\n\t\t\t\t\t\t\t\t\t<\/div> \n\t\t\t\t\t\t\t\t\n\t\t\t\t\t\t\t \n\t\t\t\t\t\t<\/div>\n\t\t\t\t\t<\/div>\n\t\t\t\t<\/div>\t\n\t\t\t<\/div>\n\t\t\t\t\t\t<\/div>\n\t\t\t\t<\/div>\n\t\t\t\t\t<\/div>\n\t\t<\/div>\n\t\t\t\t\t<\/div>\n\t\t<\/section>\n\t\t\t\t<section class=\"elementor-section elementor-top-section elementor-element elementor-element-c3d5d0b elementor-section-boxed elementor-section-height-default elementor-section-height-default\" data-id=\"c3d5d0b\" data-element_type=\"section\" data-e-type=\"section\">\n\t\t\t\t\t\t<div class=\"elementor-container elementor-column-gap-default\">\n\t\t\t\t\t<div class=\"elementor-column elementor-col-100 elementor-top-column elementor-element elementor-element-dad7c2f\" data-id=\"dad7c2f\" data-element_type=\"column\" data-e-type=\"column\">\n\t\t\t<div class=\"elementor-widget-wrap elementor-element-populated\">\n\t\t\t\t\t\t<div class=\"elementor-element elementor-element-08f27c5 elementor-widget elementor-widget-spacer\" data-id=\"08f27c5\" data-element_type=\"widget\" data-e-type=\"widget\" data-widget_type=\"spacer.default\">\n\t\t\t\t<div class=\"elementor-widget-container\">\n\t\t\t\t\t\t\t<div class=\"elementor-spacer\">\n\t\t\t<div class=\"elementor-spacer-inner\"><\/div>\n\t\t<\/div>\n\t\t\t\t\t\t<\/div>\n\t\t\t\t<\/div>\n\t\t\t\t\t<\/div>\n\t\t<\/div>\n\t\t\t\t\t<\/div>\n\t\t<\/section>\n\t\t\t\t<\/div>","protected":false},"excerpt":{"rendered":"<p>M\u00e1s Noticias All Academicas Admisiones Informativas Otras Conferencia con el referente mundial de la educaci\u00f3n, Ken&hellip; 18 noviembre, 2022 \u00a1Exitoso II English Festival ! Con la presencia de m\u00e1s de 300 j\u00f3venes se desarroll\u00f3 el pasado viernes el II English Festival; un evento acad\u00e9mico que permiti\u00f3 hacer un recorrido cultural por distintos stands, aprendiendo y&hellip;&nbsp;<a href=\"https:\/\/navarralanguages.edu.co\/en\/cursos-vacacionales-diciembre\/\" rel=\"bookmark\">Read More &raquo;<span class=\"screen-reader-text\">Ho Chi Minh City to Launch Bilingual STEM Curriculum with AI and Virtual Reality.<\/span><\/a><\/p>","protected":false},"author":1,"featured_media":0,"parent":0,"menu_order":0,"comment_status":"closed","ping_status":"closed","template":"page-templates\/template-pagebuilder-full-width.php","meta":{"neve_meta_sidebar":"","neve_meta_container":"","neve_meta_enable_content_width":"","neve_meta_content_width":0,"neve_meta_title_alignment":"","neve_meta_author_avatar":"","neve_post_elements_order":"","neve_meta_disable_header":"","neve_meta_disable_footer":"","neve_meta_disable_title":"","footnotes":""},"class_list":["post-2749","page","type-page","status-publish","hentry"],"_links":{"self":[{"href":"https:\/\/navarralanguages.edu.co\/en\/wp-json\/wp\/v2\/pages\/2749","targetHints":{"allow":["GET"]}}],"collection":[{"href":"https:\/\/navarralanguages.edu.co\/en\/wp-json\/wp\/v2\/pages"}],"about":[{"href":"https:\/\/navarralanguages.edu.co\/en\/wp-json\/wp\/v2\/types\/page"}],"author":[{"embeddable":true,"href":"https:\/\/navarralanguages.edu.co\/en\/wp-json\/wp\/v2\/users\/1"}],"replies":[{"embeddable":true,"href":"https:\/\/navarralanguages.edu.co\/en\/wp-json\/wp\/v2\/comments?post=2749"}],"version-history":[{"count":94,"href":"https:\/\/navarralanguages.edu.co\/en\/wp-json\/wp\/v2\/pages\/2749\/revisions"}],"predecessor-version":[{"id":6602,"href":"https:\/\/navarralanguages.edu.co\/en\/wp-json\/wp\/v2\/pages\/2749\/revisions\/6602"}],"wp:attachment":[{"href":"https:\/\/navarralanguages.edu.co\/en\/wp-json\/wp\/v2\/media?parent=2749"}],"curies":[{"name":"wp","href":"https:\/\/api.w.org\/{rel}","templated":true}]}}