{"id":7458,"date":"2025-07-28T15:58:58","date_gmt":"2025-07-28T20:58:58","guid":{"rendered":"https:\/\/navarralanguages.edu.co\/?page_id=7458"},"modified":"2025-09-01T10:48:46","modified_gmt":"2025-09-01T15:48:46","slug":"copasst","status":"publish","type":"page","link":"https:\/\/navarralanguages.edu.co\/en\/copasst\/","title":{"rendered":"COPASST"},"content":{"rendered":"<div data-elementor-type=\"wp-page\" data-elementor-id=\"7458\" class=\"elementor elementor-7458\" data-elementor-post-type=\"page\">\n\t\t\t\t\t\t<section class=\"elementor-section elementor-top-section elementor-element elementor-element-71fe041 elementor-section-boxed elementor-section-height-default elementor-section-height-default\" data-id=\"71fe041\" data-element_type=\"section\" data-e-type=\"section\">\n\t\t\t\t\t\t<div class=\"elementor-container elementor-column-gap-default\">\n\t\t\t\t\t<div class=\"elementor-column elementor-col-100 elementor-top-column elementor-element elementor-element-340e05b\" data-id=\"340e05b\" data-element_type=\"column\" data-e-type=\"column\">\n\t\t\t<div class=\"elementor-widget-wrap elementor-element-populated\">\n\t\t\t\t\t\t<div class=\"elementor-element elementor-element-6aefa9f elementor-widget elementor-widget-image\" data-id=\"6aefa9f\" data-element_type=\"widget\" data-e-type=\"widget\" data-widget_type=\"image.default\">\n\t\t\t\t<div class=\"elementor-widget-container\">\n\t\t\t\t\t\t\t\t\t\t\t\t\t\t\t<img fetchpriority=\"high\" decoding=\"async\" width=\"1908\" height=\"708\" src=\"https:\/\/navarralanguages.edu.co\/wp-content\/uploads\/2025\/09\/Copia-de-English-4.png\" class=\"attachment-full size-full wp-image-7838\" alt=\"\" srcset=\"https:\/\/navarralanguages.edu.co\/wp-content\/uploads\/2025\/09\/Copia-de-English-4.png 1908w, https:\/\/navarralanguages.edu.co\/wp-content\/uploads\/2025\/09\/Copia-de-English-4-300x111.png 300w, https:\/\/navarralanguages.edu.co\/wp-content\/uploads\/2025\/09\/Copia-de-English-4-1024x380.png 1024w, https:\/\/navarralanguages.edu.co\/wp-content\/uploads\/2025\/09\/Copia-de-English-4-768x285.png 768w, https:\/\/navarralanguages.edu.co\/wp-content\/uploads\/2025\/09\/Copia-de-English-4-1536x570.png 1536w, https:\/\/navarralanguages.edu.co\/wp-content\/uploads\/2025\/09\/Copia-de-English-4-18x7.png 18w, https:\/\/navarralanguages.edu.co\/wp-content\/uploads\/2025\/09\/Copia-de-English-4-600x223.png 600w\" sizes=\"(max-width: 1908px) 100vw, 1908px\" \/>\t\t\t\t\t\t\t\t\t\t\t\t\t\t\t<\/div>\n\t\t\t\t<\/div>\n\t\t\t\t\t<\/div>\n\t\t<\/div>\n\t\t\t\t\t<\/div>\n\t\t<\/section>\n\t\t<div class=\"elementor-element elementor-element-ccc6257 e-flex e-con-boxed e-con e-parent\" data-id=\"ccc6257\" data-element_type=\"container\" data-e-type=\"container\">\n\t\t\t\t\t<div class=\"e-con-inner\">\n\t\t\t\t<div class=\"elementor-element elementor-element-d816b16 elementor-widget elementor-widget-heading\" data-id=\"d816b16\" data-element_type=\"widget\" data-e-type=\"widget\" data-widget_type=\"heading.default\">\n\t\t\t\t<div class=\"elementor-widget-container\">\n\t\t\t\t\t<h2 class=\"elementor-heading-title elementor-size-default\">WORKPLACE HEALTH AND SAFETY MANAGEMENT SYSTEM<\/h2>\t\t\t\t<\/div>\n\t\t\t\t<\/div>\n\t\t\t\t\t<\/div>\n\t\t\t\t<\/div>\n\t\t\t\t<section class=\"elementor-section elementor-top-section elementor-element elementor-element-d0e0879 elementor-section-boxed elementor-section-height-default elementor-section-height-default\" data-id=\"d0e0879\" data-element_type=\"section\" data-e-type=\"section\">\n\t\t\t\t\t\t<div class=\"elementor-container elementor-column-gap-default\">\n\t\t\t\t\t<div class=\"elementor-column elementor-col-100 elementor-top-column elementor-element elementor-element-e6bfb4d\" data-id=\"e6bfb4d\" data-element_type=\"column\" data-e-type=\"column\">\n\t\t\t<div class=\"elementor-widget-wrap elementor-element-populated\">\n\t\t\t\t\t\t<div class=\"elementor-element elementor-element-c0a6b91 elementor-widget elementor-widget-heading\" data-id=\"c0a6b91\" data-element_type=\"widget\" data-e-type=\"widget\" data-widget_type=\"heading.default\">\n\t\t\t\t<div class=\"elementor-widget-container\">\n\t\t\t\t\t<h2 class=\"elementor-heading-title elementor-size-default\">COPASST<\/h2>\t\t\t\t<\/div>\n\t\t\t\t<\/div>\n\t\t\t\t\t<\/div>\n\t\t<\/div>\n\t\t\t\t\t<\/div>\n\t\t<\/section>\n\t\t\t\t<section class=\"elementor-section elementor-top-section elementor-element elementor-element-9d7a84e elementor-section-boxed elementor-section-height-default elementor-section-height-default\" data-id=\"9d7a84e\" data-element_type=\"section\" data-e-type=\"section\">\n\t\t\t\t\t\t<div class=\"elementor-container elementor-column-gap-default\">\n\t\t\t\t\t<div class=\"elementor-column elementor-col-100 elementor-top-column elementor-element elementor-element-69b693b\" data-id=\"69b693b\" data-element_type=\"column\" data-e-type=\"column\">\n\t\t\t<div class=\"elementor-widget-wrap elementor-element-populated\">\n\t\t\t\t\t\t<div class=\"elementor-element elementor-element-8e413c6 elementor-widget elementor-widget-text-editor\" data-id=\"8e413c6\" data-element_type=\"widget\" data-e-type=\"widget\" data-widget_type=\"text-editor.default\">\n\t\t\t\t<div class=\"elementor-widget-container\">\n\t\t\t\t\t\t\t\t\t<p><span style=\"color: #000000;\">The Joint Occupational Health and Safety Committee is a body that promotes and oversees the institution's occupational health and safety standards and regulations. Through promotional, information, and outreach activities, the COPASST must ensure that the risks of work-related illnesses and accidents are minimized to the minimum possible.<\/span><\/p>\t\t\t\t\t\t\t\t<\/div>\n\t\t\t\t<\/div>\n\t\t\t\t\t<\/div>\n\t\t<\/div>\n\t\t\t\t\t<\/div>\n\t\t<\/section>\n\t\t\t\t<section class=\"elementor-section elementor-top-section elementor-element elementor-element-cdc71d2 elementor-section-boxed elementor-section-height-default elementor-section-height-default\" data-id=\"cdc71d2\" data-element_type=\"section\" data-e-type=\"section\">\n\t\t\t\t\t\t<div class=\"elementor-container elementor-column-gap-default\">\n\t\t\t\t\t<div class=\"elementor-column elementor-col-100 elementor-top-column elementor-element elementor-element-431ae3e\" data-id=\"431ae3e\" data-element_type=\"column\" data-e-type=\"column\">\n\t\t\t<div class=\"elementor-widget-wrap elementor-element-populated\">\n\t\t\t\t\t\t<div class=\"elementor-element elementor-element-ef91c05 elementor-widget elementor-widget-heading\" data-id=\"ef91c05\" data-element_type=\"widget\" data-e-type=\"widget\" data-widget_type=\"heading.default\">\n\t\t\t\t<div class=\"elementor-widget-container\">\n\t\t\t\t\t<h2 class=\"elementor-heading-title elementor-size-default\">FUNCTIONS<\/h2>\t\t\t\t<\/div>\n\t\t\t\t<\/div>\n\t\t\t\t\t<\/div>\n\t\t<\/div>\n\t\t\t\t\t<\/div>\n\t\t<\/section>\n\t\t\t\t<section class=\"elementor-section elementor-top-section elementor-element elementor-element-514c12a elementor-section-boxed elementor-section-height-default elementor-section-height-default\" data-id=\"514c12a\" data-element_type=\"section\" data-e-type=\"section\">\n\t\t\t\t\t\t<div class=\"elementor-container elementor-column-gap-default\">\n\t\t\t\t\t<div class=\"elementor-column elementor-col-100 elementor-top-column elementor-element elementor-element-f5cc6a6\" data-id=\"f5cc6a6\" data-element_type=\"column\" data-e-type=\"column\">\n\t\t\t<div class=\"elementor-widget-wrap elementor-element-populated\">\n\t\t\t\t\t\t<div class=\"elementor-element elementor-element-a1d14e6 elementor-widget elementor-widget-text-editor\" data-id=\"a1d14e6\" data-element_type=\"widget\" data-e-type=\"widget\" data-widget_type=\"text-editor.default\">\n\t\t\t\t<div class=\"elementor-widget-container\">\n\t\t\t\t\t\t\t\t\t<ul><li><span style=\"color: #000000;\">Propose to the company or workplace administration the adoption of measures and development of activities that ensure and maintain health in the workplace and work environment.<\/span><\/li><li><span style=\"color: #000000;\">Propose and participate in occupational health training activities for workers, supervisors, and managers of the company or workplace.<\/span><\/li><li><span style=\"color: #000000;\">Collaborate with officials from government occupational health entities in the activities they carry out within the company and receive the corresponding reports as appropriate.<\/span><\/li><li><span style=\"color: #000000;\">Monitor the development of the medical, hygiene, and industrial safety activities that the company must carry out in accordance with the Industrial Hygiene and Safety Regulations and current standards and promote their dissemination and compliance.<\/span><\/li><li><span style=\"color: #000000;\">Collaborate in the analysis of the causes of workplace accidents and occupational diseases and propose to the employer any corrective measures necessary to prevent their occurrence. Evaluate the programs that have been implemented.<\/span><\/li><li><span style=\"color: #000000;\">Periodically visit workplaces and inspect the environments, machines, equipment, appliances, and operations performed by employees in each area or section of the company. Inform the employer of the existence of risk factors and suggest corrective and control measures.<\/span><\/li><li><span style=\"color: #000000;\">Study and consider suggestions presented by employees regarding medical, hygiene, and industrial safety.<\/span><\/li><li><span style=\"color: #000000;\">Serve as a coordinating body between the employer and employees in resolving occupational health-related problems. Process employee complaints related to occupational health.<\/span><\/li><li><span style=\"color: #000000;\">Periodically request reports from the company on accidents and occupational diseases in order to comply with the provisions of this resolution.<\/span><\/li><li><span style=\"color: #000000;\">Elect the Committee Secretary.<\/span><\/li><li><span style=\"color: #000000;\">Maintain a record of the minutes of each meeting and other activities, which will always be available to the employer, employees, and the competent authorities.<\/span><\/li><\/ul>\t\t\t\t\t\t\t\t<\/div>\n\t\t\t\t<\/div>\n\t\t\t\t\t<\/div>\n\t\t<\/div>\n\t\t\t\t\t<\/div>\n\t\t<\/section>\n\t\t\t\t<section class=\"elementor-section elementor-top-section elementor-element elementor-element-6d72eb8 elementor-section-boxed elementor-section-height-default elementor-section-height-default\" data-id=\"6d72eb8\" data-element_type=\"section\" data-e-type=\"section\">\n\t\t\t\t\t\t<div class=\"elementor-container elementor-column-gap-default\">\n\t\t\t\t\t<div class=\"elementor-column elementor-col-100 elementor-top-column elementor-element elementor-element-d8cde32\" data-id=\"d8cde32\" data-element_type=\"column\" data-e-type=\"column\">\n\t\t\t<div class=\"elementor-widget-wrap elementor-element-populated\">\n\t\t\t\t\t\t<div class=\"elementor-element elementor-element-adda7f0 elementor-widget elementor-widget-heading\" data-id=\"adda7f0\" data-element_type=\"widget\" data-e-type=\"widget\" data-widget_type=\"heading.default\">\n\t\t\t\t<div class=\"elementor-widget-container\">\n\t\t\t\t\t<h2 class=\"elementor-heading-title elementor-size-default\"><span style=\"text-align: center;font-family: DINPro_bold;margin-bottom: 0px;font-size: 24px\">EMPLOYER REPRESENTATIVES<\/span><span style=\"font-family: Roboto, sans-serif;text-align: center\"><\/span><\/h2>\t\t\t\t<\/div>\n\t\t\t\t<\/div>\n\t\t\t\t\t<\/div>\n\t\t<\/div>\n\t\t\t\t\t<\/div>\n\t\t<\/section>\n\t\t\t\t<section class=\"elementor-section elementor-top-section elementor-element elementor-element-c5c5268 elementor-section-boxed elementor-section-height-default elementor-section-height-default\" data-id=\"c5c5268\" data-element_type=\"section\" data-e-type=\"section\">\n\t\t\t\t\t\t<div class=\"elementor-container elementor-column-gap-default\">\n\t\t\t\t\t<div class=\"elementor-column elementor-col-50 elementor-top-column elementor-element elementor-element-fc7ecbb\" data-id=\"fc7ecbb\" data-element_type=\"column\" data-e-type=\"column\">\n\t\t\t<div class=\"elementor-widget-wrap elementor-element-populated\">\n\t\t\t\t\t\t<div class=\"elementor-element elementor-element-e29ff0a elementor-widget elementor-widget-image\" data-id=\"e29ff0a\" data-element_type=\"widget\" data-e-type=\"widget\" data-widget_type=\"image.default\">\n\t\t\t\t<div class=\"elementor-widget-container\">\n\t\t\t\t\t\t\t\t\t\t\t\t\t\t\t<img decoding=\"async\" width=\"150\" height=\"150\" src=\"https:\/\/navarralanguages.edu.co\/wp-content\/uploads\/2025\/07\/GABRIELA-150x150.jpeg\" class=\"attachment-thumbnail size-thumbnail wp-image-7474\" alt=\"\" srcset=\"https:\/\/navarralanguages.edu.co\/wp-content\/uploads\/2025\/07\/GABRIELA-150x150.jpeg 150w, https:\/\/navarralanguages.edu.co\/wp-content\/uploads\/2025\/07\/GABRIELA-300x300.jpeg 300w, https:\/\/navarralanguages.edu.co\/wp-content\/uploads\/2025\/07\/GABRIELA-100x100.jpeg 100w\" sizes=\"(max-width: 150px) 100vw, 150px\" \/>\t\t\t\t\t\t\t\t\t\t\t\t\t\t\t<\/div>\n\t\t\t\t<\/div>\n\t\t\t\t<div class=\"elementor-element elementor-element-c688b02 elementor-widget elementor-widget-text-editor\" data-id=\"c688b02\" data-element_type=\"widget\" data-e-type=\"widget\" data-widget_type=\"text-editor.default\">\n\t\t\t\t<div class=\"elementor-widget-container\">\n\t\t\t\t\t\t\t\t\t<p style=\"text-align: center;\"><span style=\"color: #000000;\"><strong>Maria Gabriela Bustos Barona<\/strong><\/span><\/p><p style=\"text-align: center;\"><strong><span style=\"color: #000080;\">Committee Chair<\/span><\/strong><br \/><strong><span style=\"color: #000080;\">Principal<\/span><\/strong><\/p>\t\t\t\t\t\t\t\t<\/div>\n\t\t\t\t<\/div>\n\t\t\t\t\t<\/div>\n\t\t<\/div>\n\t\t\t\t<div class=\"elementor-column elementor-col-50 elementor-top-column elementor-element elementor-element-fb2f321\" data-id=\"fb2f321\" data-element_type=\"column\" data-e-type=\"column\">\n\t\t\t<div class=\"elementor-widget-wrap elementor-element-populated\">\n\t\t\t\t\t\t<div class=\"elementor-element elementor-element-87e1b96 elementor-widget elementor-widget-image\" data-id=\"87e1b96\" data-element_type=\"widget\" data-e-type=\"widget\" data-widget_type=\"image.default\">\n\t\t\t\t<div class=\"elementor-widget-container\">\n\t\t\t\t\t\t\t\t\t\t\t\t\t\t\t<img decoding=\"async\" width=\"150\" height=\"150\" src=\"https:\/\/navarralanguages.edu.co\/wp-content\/uploads\/2025\/07\/profe-dos-150x150.jpeg\" class=\"attachment-thumbnail size-thumbnail wp-image-7358\" alt=\"\" srcset=\"https:\/\/navarralanguages.edu.co\/wp-content\/uploads\/2025\/07\/profe-dos-150x150.jpeg 150w, https:\/\/navarralanguages.edu.co\/wp-content\/uploads\/2025\/07\/profe-dos-300x300.jpeg 300w, https:\/\/navarralanguages.edu.co\/wp-content\/uploads\/2025\/07\/profe-dos-100x100.jpeg 100w\" sizes=\"(max-width: 150px) 100vw, 150px\" \/>\t\t\t\t\t\t\t\t\t\t\t\t\t\t\t<\/div>\n\t\t\t\t<\/div>\n\t\t\t\t<div class=\"elementor-element elementor-element-0482e43 elementor-widget elementor-widget-text-editor\" data-id=\"0482e43\" data-element_type=\"widget\" data-e-type=\"widget\" data-widget_type=\"text-editor.default\">\n\t\t\t\t<div class=\"elementor-widget-container\">\n\t\t\t\t\t\t\t\t\t<p style=\"text-align: center;\"><strong><span style=\"color: #000000;\">Angie Lisseth Garcia Ramirez<\/span><\/strong><\/p><p style=\"text-align: center;\"><span style=\"color: #000080;\"><strong>Alternate<\/strong><\/span><\/p>\t\t\t\t\t\t\t\t<\/div>\n\t\t\t\t<\/div>\n\t\t\t\t\t<\/div>\n\t\t<\/div>\n\t\t\t\t\t<\/div>\n\t\t<\/section>\n\t\t\t\t<section class=\"elementor-section elementor-top-section elementor-element elementor-element-5ad94b4 elementor-section-boxed elementor-section-height-default elementor-section-height-default\" data-id=\"5ad94b4\" data-element_type=\"section\" data-e-type=\"section\">\n\t\t\t\t\t\t<div class=\"elementor-container elementor-column-gap-default\">\n\t\t\t\t\t<div class=\"elementor-column elementor-col-100 elementor-top-column elementor-element elementor-element-2c6524d\" data-id=\"2c6524d\" data-element_type=\"column\" data-e-type=\"column\">\n\t\t\t<div class=\"elementor-widget-wrap elementor-element-populated\">\n\t\t\t\t\t\t<div class=\"elementor-element elementor-element-2e0893d elementor-widget elementor-widget-heading\" data-id=\"2e0893d\" data-element_type=\"widget\" data-e-type=\"widget\" data-widget_type=\"heading.default\">\n\t\t\t\t<div class=\"elementor-widget-container\">\n\t\t\t\t\t<h2 class=\"elementor-heading-title elementor-size-default\"><span style=\"text-align: center;font-family: DINPro_bold;margin-bottom: 0px;font-size: 24px\">EMPLOYEE REPRESENTATIVES<\/span><span style=\"font-family: Roboto, sans-serif;text-align: center\"><\/span><\/h2>\t\t\t\t<\/div>\n\t\t\t\t<\/div>\n\t\t\t\t\t<\/div>\n\t\t<\/div>\n\t\t\t\t\t<\/div>\n\t\t<\/section>\n\t\t\t\t<section class=\"elementor-section elementor-top-section elementor-element elementor-element-c47be39 elementor-section-boxed elementor-section-height-default elementor-section-height-default\" data-id=\"c47be39\" data-element_type=\"section\" data-e-type=\"section\">\n\t\t\t\t\t\t<div class=\"elementor-container elementor-column-gap-default\">\n\t\t\t\t\t<div class=\"elementor-column elementor-col-50 elementor-top-column elementor-element elementor-element-98cc0a8\" data-id=\"98cc0a8\" data-element_type=\"column\" data-e-type=\"column\">\n\t\t\t<div class=\"elementor-widget-wrap elementor-element-populated\">\n\t\t\t\t\t\t<div class=\"elementor-element elementor-element-7df749b elementor-widget elementor-widget-image\" data-id=\"7df749b\" data-element_type=\"widget\" data-e-type=\"widget\" data-widget_type=\"image.default\">\n\t\t\t\t<div class=\"elementor-widget-container\">\n\t\t\t\t\t\t\t\t\t\t\t\t\t\t\t<img loading=\"lazy\" decoding=\"async\" width=\"150\" height=\"150\" src=\"https:\/\/navarralanguages.edu.co\/wp-content\/uploads\/2025\/08\/DANNA-150x150.jpeg\" class=\"attachment-thumbnail size-thumbnail wp-image-7600\" alt=\"\" srcset=\"https:\/\/navarralanguages.edu.co\/wp-content\/uploads\/2025\/08\/DANNA-150x150.jpeg 150w, https:\/\/navarralanguages.edu.co\/wp-content\/uploads\/2025\/08\/DANNA-300x300.jpeg 300w, https:\/\/navarralanguages.edu.co\/wp-content\/uploads\/2025\/08\/DANNA-100x100.jpeg 100w\" sizes=\"(max-width: 150px) 100vw, 150px\" \/>\t\t\t\t\t\t\t\t\t\t\t\t\t\t\t<\/div>\n\t\t\t\t<\/div>\n\t\t\t\t<div class=\"elementor-element elementor-element-36a5a2f elementor-widget elementor-widget-text-editor\" data-id=\"36a5a2f\" data-element_type=\"widget\" data-e-type=\"widget\" data-widget_type=\"text-editor.default\">\n\t\t\t\t<div class=\"elementor-widget-container\">\n\t\t\t\t\t\t\t\t\t<p style=\"text-align: center;\"><strong><span style=\"color: #000000;\">Danna Villarreal<\/span><\/strong><\/p><p style=\"text-align: center;\"><span style=\"color: #000080;\"><strong>Alternate<\/strong><\/span><\/p>\t\t\t\t\t\t\t\t<\/div>\n\t\t\t\t<\/div>\n\t\t\t\t\t<\/div>\n\t\t<\/div>\n\t\t\t\t<div class=\"elementor-column elementor-col-50 elementor-top-column elementor-element elementor-element-a44044a\" data-id=\"a44044a\" data-element_type=\"column\" data-e-type=\"column\">\n\t\t\t<div class=\"elementor-widget-wrap elementor-element-populated\">\n\t\t\t\t\t\t<div class=\"elementor-element elementor-element-5a552b6 elementor-widget elementor-widget-image\" data-id=\"5a552b6\" data-element_type=\"widget\" data-e-type=\"widget\" data-widget_type=\"image.default\">\n\t\t\t\t<div class=\"elementor-widget-container\">\n\t\t\t\t\t\t\t\t\t\t\t\t\t\t\t<img loading=\"lazy\" decoding=\"async\" width=\"150\" height=\"150\" src=\"https:\/\/navarralanguages.edu.co\/wp-content\/uploads\/2025\/08\/SERGIO-150x150.jpeg\" class=\"attachment-thumbnail size-thumbnail wp-image-7599\" alt=\"\" srcset=\"https:\/\/navarralanguages.edu.co\/wp-content\/uploads\/2025\/08\/SERGIO-150x150.jpeg 150w, https:\/\/navarralanguages.edu.co\/wp-content\/uploads\/2025\/08\/SERGIO-300x300.jpeg 300w, https:\/\/navarralanguages.edu.co\/wp-content\/uploads\/2025\/08\/SERGIO-100x100.jpeg 100w\" sizes=\"(max-width: 150px) 100vw, 150px\" \/>\t\t\t\t\t\t\t\t\t\t\t\t\t\t\t<\/div>\n\t\t\t\t<\/div>\n\t\t\t\t<div class=\"elementor-element elementor-element-e69852a elementor-widget elementor-widget-text-editor\" data-id=\"e69852a\" data-element_type=\"widget\" data-e-type=\"widget\" data-widget_type=\"text-editor.default\">\n\t\t\t\t<div class=\"elementor-widget-container\">\n\t\t\t\t\t\t\t\t\t<p style=\"text-align: center;\"><strong><span style=\"color: #000000;\">Sergio Andr\u00e9s Medina<\/span><\/strong><\/p><p style=\"text-align: center;\"><strong><span style=\"color: #000080;\">Principal<\/span><\/strong><\/p>\t\t\t\t\t\t\t\t<\/div>\n\t\t\t\t<\/div>\n\t\t\t\t\t<\/div>\n\t\t<\/div>\n\t\t\t\t\t<\/div>\n\t\t<\/section>\n\t\t\t\t<\/div>","protected":false},"excerpt":{"rendered":"<p>SISTEMA DE GESTI\u00d3N DE SEGURIDAD Y SALUD EN EL TRABAJO COPASST El comit\u00e9 paritario de seguridad y salud en el trabajo es un organismo de promoci\u00f3n y vigilancia de las normas y reglamentos de seguridad ys alud en el trabajo en la instituci\u00f3n , a trav\u00e9s de las actividades de promoci\u00f3n, informaci\u00f3n y divulgaci\u00f3n, el&hellip;&nbsp;<a href=\"https:\/\/navarralanguages.edu.co\/en\/copasst\/\" rel=\"bookmark\">Read More &raquo;<span class=\"screen-reader-text\">COPASST<\/span><\/a><\/p>","protected":false},"author":1,"featured_media":0,"parent":0,"menu_order":0,"comment_status":"closed","ping_status":"closed","template":"page-templates\/template-pagebuilder-full-width.php","meta":{"neve_meta_sidebar":"","neve_meta_container":"","neve_meta_enable_content_width":"","neve_meta_content_width":0,"neve_meta_title_alignment":"","neve_meta_author_avatar":"","neve_post_elements_order":"","neve_meta_disable_header":"","neve_meta_disable_footer":"","neve_meta_disable_title":"","footnotes":""},"class_list":["post-7458","page","type-page","status-publish","hentry"],"_links":{"self":[{"href":"https:\/\/navarralanguages.edu.co\/en\/wp-json\/wp\/v2\/pages\/7458","targetHints":{"allow":["GET"]}}],"collection":[{"href":"https:\/\/navarralanguages.edu.co\/en\/wp-json\/wp\/v2\/pages"}],"about":[{"href":"https:\/\/navarralanguages.edu.co\/en\/wp-json\/wp\/v2\/types\/page"}],"author":[{"embeddable":true,"href":"https:\/\/navarralanguages.edu.co\/en\/wp-json\/wp\/v2\/users\/1"}],"replies":[{"embeddable":true,"href":"https:\/\/navarralanguages.edu.co\/en\/wp-json\/wp\/v2\/comments?post=7458"}],"version-history":[{"count":42,"href":"https:\/\/navarralanguages.edu.co\/en\/wp-json\/wp\/v2\/pages\/7458\/revisions"}],"predecessor-version":[{"id":7865,"href":"https:\/\/navarralanguages.edu.co\/en\/wp-json\/wp\/v2\/pages\/7458\/revisions\/7865"}],"wp:attachment":[{"href":"https:\/\/navarralanguages.edu.co\/en\/wp-json\/wp\/v2\/media?parent=7458"}],"curies":[{"name":"wp","href":"https:\/\/api.w.org\/{rel}","templated":true}]}}