{"id":7964,"date":"2026-01-23T10:56:37","date_gmt":"2026-01-23T15:56:37","guid":{"rendered":"https:\/\/navarralanguages.edu.co\/?page_id=7964"},"modified":"2026-01-23T11:39:07","modified_gmt":"2026-01-23T16:39:07","slug":"gestion-de-calidad-publica","status":"publish","type":"page","link":"https:\/\/navarralanguages.edu.co\/en\/sistema-de-gestion\/gestion-de-calidad-publica\/","title":{"rendered":"Gesti\u00f3n de Calidad Publica"},"content":{"rendered":"<div data-elementor-type=\"wp-page\" data-elementor-id=\"7964\" class=\"elementor elementor-7964\" data-elementor-post-type=\"page\">\n\t\t\t\t\t\t<section class=\"elementor-section elementor-top-section elementor-element elementor-element-b47c08f elementor-section-boxed elementor-section-height-default elementor-section-height-default\" data-id=\"b47c08f\" data-element_type=\"section\" data-e-type=\"section\">\n\t\t\t\t\t\t<div class=\"elementor-container elementor-column-gap-default\">\n\t\t\t\t\t<div class=\"elementor-column elementor-col-100 elementor-top-column elementor-element elementor-element-0da5945\" data-id=\"0da5945\" data-element_type=\"column\" data-e-type=\"column\">\n\t\t\t<div class=\"elementor-widget-wrap elementor-element-populated\">\n\t\t\t\t\t\t<div class=\"elementor-element elementor-element-4d29ab5 elementor-widget elementor-widget-image\" data-id=\"4d29ab5\" data-element_type=\"widget\" data-e-type=\"widget\" data-widget_type=\"image.default\">\n\t\t\t\t<div class=\"elementor-widget-container\">\n\t\t\t\t\t\t\t\t\t\t\t\t\t\t\t<img fetchpriority=\"high\" decoding=\"async\" width=\"1908\" height=\"708\" src=\"https:\/\/navarralanguages.edu.co\/wp-content\/uploads\/2025\/09\/Copia-de-English-4.png\" class=\"attachment-full size-full wp-image-7838\" alt=\"\" srcset=\"https:\/\/navarralanguages.edu.co\/wp-content\/uploads\/2025\/09\/Copia-de-English-4.png 1908w, https:\/\/navarralanguages.edu.co\/wp-content\/uploads\/2025\/09\/Copia-de-English-4-300x111.png 300w, https:\/\/navarralanguages.edu.co\/wp-content\/uploads\/2025\/09\/Copia-de-English-4-1024x380.png 1024w, https:\/\/navarralanguages.edu.co\/wp-content\/uploads\/2025\/09\/Copia-de-English-4-768x285.png 768w, https:\/\/navarralanguages.edu.co\/wp-content\/uploads\/2025\/09\/Copia-de-English-4-1536x570.png 1536w, https:\/\/navarralanguages.edu.co\/wp-content\/uploads\/2025\/09\/Copia-de-English-4-18x7.png 18w, https:\/\/navarralanguages.edu.co\/wp-content\/uploads\/2025\/09\/Copia-de-English-4-600x223.png 600w\" sizes=\"(max-width: 1908px) 100vw, 1908px\" \/>\t\t\t\t\t\t\t\t\t\t\t\t\t\t\t<\/div>\n\t\t\t\t<\/div>\n\t\t\t\t\t<\/div>\n\t\t<\/div>\n\t\t\t\t\t<\/div>\n\t\t<\/section>\n\t\t<div class=\"elementor-element elementor-element-5b49b1a e-flex e-con-boxed e-con e-parent\" data-id=\"5b49b1a\" data-element_type=\"container\" data-e-type=\"container\">\n\t\t\t\t\t<div class=\"e-con-inner\">\n\t\t\t\t<div class=\"elementor-element elementor-element-c688037 elementor-widget elementor-widget-heading\" data-id=\"c688037\" data-element_type=\"widget\" data-e-type=\"widget\" data-widget_type=\"heading.default\">\n\t\t\t\t<div class=\"elementor-widget-container\">\n\t\t\t\t\t<h2 class=\"elementor-heading-title elementor-size-default\">QUALITY MANAGEMENT SYSTEM<\/h2>\t\t\t\t<\/div>\n\t\t\t\t<\/div>\n\t\t\t\t\t<\/div>\n\t\t\t\t<\/div>\n\t\t<div class=\"elementor-element elementor-element-ad0e709 e-flex e-con-boxed e-con e-parent\" data-id=\"ad0e709\" data-element_type=\"container\" data-e-type=\"container\">\n\t\t\t\t\t<div class=\"e-con-inner\">\n\t\t<div class=\"elementor-element elementor-element-aae37a5 e-con-full e-flex e-con e-child\" data-id=\"aae37a5\" data-element_type=\"container\" data-e-type=\"container\" data-settings=\"{&quot;background_background&quot;:&quot;gradient&quot;}\">\n\t\t\t\t<div class=\"elementor-element elementor-element-2158af5 e-n-tabs-mobile elementor-widget elementor-widget-n-tabs\" data-id=\"2158af5\" data-element_type=\"widget\" data-e-type=\"widget\" data-widget_type=\"nested-tabs.default\">\n\t\t\t\t<div class=\"elementor-widget-container\">\n\t\t\t\t\t\t\t<div class=\"e-n-tabs\" data-widget-number=\"34966261\" aria-label=\"Tabs. Open items with Enter or Space, close with Escape and navigate using the Arrow keys.\">\n\t\t\t<div class=\"e-n-tabs-heading\" role=\"tablist\">\n\t\t\t\t\t<button id=\"e-n-tab-title-349662611\" data-tab-title-id=\"e-n-tab-title-349662611\" class=\"e-n-tab-title\" aria-selected=\"true\" data-tab-index=\"1\" role=\"tab\" tabindex=\"0\" aria-controls=\"e-n-tab-content-349662611\" style=\"--n-tabs-title-order: 1;\">\n\t\t\t\t\t\t<span class=\"e-n-tab-title-text\">\n\t\t\t\tPOLICY\t\t\t<\/span>\n\t\t<\/button>\n\t\t\t\t<button id=\"e-n-tab-title-349662612\" data-tab-title-id=\"e-n-tab-title-349662612\" class=\"e-n-tab-title\" aria-selected=\"false\" data-tab-index=\"2\" role=\"tab\" tabindex=\"-1\" aria-controls=\"e-n-tab-content-349662612\" style=\"--n-tabs-title-order: 2;\">\n\t\t\t\t\t\t<span class=\"e-n-tab-title-text\">\n\t\t\t\tOBJECTIVE\t\t\t<\/span>\n\t\t<\/button>\n\t\t\t\t<button id=\"e-n-tab-title-349662613\" data-tab-title-id=\"e-n-tab-title-349662613\" class=\"e-n-tab-title\" aria-selected=\"false\" data-tab-index=\"3\" role=\"tab\" tabindex=\"-1\" aria-controls=\"e-n-tab-content-349662613\" style=\"--n-tabs-title-order: 3;\">\n\t\t\t\t\t\t<span class=\"e-n-tab-title-text\">\n\t\t\t\tMAPA DE PROCESO\t\t\t<\/span>\n\t\t<\/button>\n\t\t\t\t\t<\/div>\n\t\t\t<div class=\"e-n-tabs-content\">\n\t\t\t\t<div id=\"e-n-tab-content-349662611\" role=\"tabpanel\" aria-labelledby=\"e-n-tab-title-349662611\" data-tab-index=\"1\" style=\"--n-tabs-title-order: 1;\" class=\"e-active elementor-element elementor-element-93d9603 e-con-full e-flex e-con e-child\" data-id=\"93d9603\" data-element_type=\"container\" data-e-type=\"container\">\n\t\t<div class=\"elementor-element elementor-element-f37a0a3 e-flex e-con-boxed e-con e-child\" data-id=\"f37a0a3\" data-element_type=\"container\" data-e-type=\"container\">\n\t\t\t\t\t<div class=\"e-con-inner\">\n\t\t\t\t<div class=\"elementor-element elementor-element-7016aeb elementor-widget elementor-widget-text-editor\" data-id=\"7016aeb\" data-element_type=\"widget\" data-e-type=\"widget\" data-widget_type=\"text-editor.default\">\n\t\t\t\t<div class=\"elementor-widget-container\">\n\t\t\t\t\t\t\t\t\t<h4 style=\"text-align: center;\"><span style=\"color: #000080;\"><strong>QUALITY POLICY<\/strong><\/span><\/h4><p><span style=\"color: #000000;\">Navarra Languages School offers an education service for work and human development in English as a foreign language. To this end, it is committed to: Executing a strategic plan, maintaining and improving the quality management system, diversifying the educational offering, standardizing resource management, and complying with applicable requirements to ensure excellence in training.<\/span><\/p>\t\t\t\t\t\t\t\t<\/div>\n\t\t\t\t<\/div>\n\t\t\t\t\t<\/div>\n\t\t\t\t<\/div>\n\t\t\t\t<\/div>\n\t\t<div id=\"e-n-tab-content-349662612\" role=\"tabpanel\" aria-labelledby=\"e-n-tab-title-349662612\" data-tab-index=\"2\" style=\"--n-tabs-title-order: 2;\" class=\"elementor-element elementor-element-74d6cd8 e-con-full e-flex e-con e-child\" data-id=\"74d6cd8\" data-element_type=\"container\" data-e-type=\"container\">\n\t\t<div class=\"elementor-element elementor-element-ebae2e5 e-flex e-con-boxed e-con e-child\" data-id=\"ebae2e5\" data-element_type=\"container\" data-e-type=\"container\">\n\t\t\t\t\t<div class=\"e-con-inner\">\n\t\t\t\t<div class=\"elementor-element elementor-element-6f812b6 elementor-widget elementor-widget-text-editor\" data-id=\"6f812b6\" data-element_type=\"widget\" data-e-type=\"widget\" data-widget_type=\"text-editor.default\">\n\t\t\t\t<div class=\"elementor-widget-container\">\n\t\t\t\t\t\t\t\t\t<h4 style=\"text-align: center;\"><span style=\"color: #000080;\"><strong>QUALITY OBJECTIVE<\/strong><\/span><\/h4><ul><li><span style=\"color: #000000;\">Ensure the execution of a strategic plan through a quality management system and continuous evaluation and improvement processes to guarantee compliance with applicable requirements, development goals, and institutional improvement.<\/span><\/li><li><span style=\"color: #000000;\">Diversify the offering of education for work and human development through leadership in the design and development of programs to impact new territories and new students.<\/span><\/li><li><span style=\"color: #000000;\">Standardize the management of human, physical, technological, and documentary resources through management tools that create adequate conditions for providing high-quality educational services.<\/span><\/li><\/ul>\t\t\t\t\t\t\t\t<\/div>\n\t\t\t\t<\/div>\n\t\t\t\t\t<\/div>\n\t\t\t\t<\/div>\n\t\t\t\t<\/div>\n\t\t<div id=\"e-n-tab-content-349662613\" role=\"tabpanel\" aria-labelledby=\"e-n-tab-title-349662613\" data-tab-index=\"3\" style=\"--n-tabs-title-order: 3;\" class=\"elementor-element elementor-element-0e4d149 e-flex e-con-boxed e-con e-child\" data-id=\"0e4d149\" data-element_type=\"container\" data-e-type=\"container\">\n\t\t\t\t\t<div class=\"e-con-inner\">\n\t\t\t\t<div class=\"elementor-element elementor-element-937518d elementor-widget elementor-widget-image\" data-id=\"937518d\" data-element_type=\"widget\" data-e-type=\"widget\" data-widget_type=\"image.default\">\n\t\t\t\t<div class=\"elementor-widget-container\">\n\t\t\t\t\t\t\t\t\t\t\t\t\t\t\t<img decoding=\"async\" width=\"1024\" height=\"576\" src=\"https:\/\/navarralanguages.edu.co\/wp-content\/uploads\/2026\/01\/Mapa-de-procesos--1024x576.jpeg\" class=\"attachment-large size-large wp-image-7932\" alt=\"Mapa de procesos\" srcset=\"https:\/\/navarralanguages.edu.co\/wp-content\/uploads\/2026\/01\/Mapa-de-procesos--1024x576.jpeg 1024w, https:\/\/navarralanguages.edu.co\/wp-content\/uploads\/2026\/01\/Mapa-de-procesos--300x169.jpeg 300w, https:\/\/navarralanguages.edu.co\/wp-content\/uploads\/2026\/01\/Mapa-de-procesos--768x432.jpeg 768w, https:\/\/navarralanguages.edu.co\/wp-content\/uploads\/2026\/01\/Mapa-de-procesos--1536x864.jpeg 1536w, https:\/\/navarralanguages.edu.co\/wp-content\/uploads\/2026\/01\/Mapa-de-procesos--18x10.jpeg 18w, https:\/\/navarralanguages.edu.co\/wp-content\/uploads\/2026\/01\/Mapa-de-procesos--600x338.jpeg 600w, https:\/\/navarralanguages.edu.co\/wp-content\/uploads\/2026\/01\/Mapa-de-procesos-.jpeg 1600w\" sizes=\"(max-width: 1024px) 100vw, 1024px\" \/>\t\t\t\t\t\t\t\t\t\t\t\t\t\t\t<\/div>\n\t\t\t\t<\/div>\n\t\t\t\t\t<\/div>\n\t\t\t\t<\/div>\n\t\t\t\t\t<\/div>\n\t\t<\/div>\n\t\t\t\t\t\t<\/div>\n\t\t\t\t<\/div>\n\t\t\t\t<\/div>\n\t\t\t\t\t<\/div>\n\t\t\t\t<\/div>\n\t\t<div class=\"elementor-element elementor-element-7f4004b e-flex e-con-boxed e-con e-parent\" data-id=\"7f4004b\" data-element_type=\"container\" data-e-type=\"container\">\n\t\t\t\t\t<div class=\"e-con-inner\">\n\t\t\t\t<div class=\"elementor-element elementor-element-5de8412 elementor-widget elementor-widget-shortcode\" data-id=\"5de8412\" data-element_type=\"widget\" data-e-type=\"widget\" data-widget_type=\"shortcode.default\">\n\t\t\t\t<div class=\"elementor-widget-container\">\n\t\t\t\t\t\t\t<div class=\"elementor-shortcode\">\n<div class=\"nsl-container nsl-container-block\" data-align=\"left\"><div class=\"nsl-container-buttons\"><a href=\"https:\/\/navarralanguages.edu.co\/en\/webmaster\/?loginSocial=google&#038;redirect=https%3A%2F%2Fnavarralanguages.edu.co%2Fsistema-de-gestion%2F\" rel=\"nofollow\" aria-label=\"Continue with &lt;b&gt;Google&lt;\/b&gt;\" data-plugin=\"nsl\" data-action=\"connect\" data-provider=\"google\" data-popupwidth=\"600\" data-popupheight=\"600\" data-e-disable-page-transition=\"1\"><div class=\"nsl-button nsl-button-default nsl-button-google\" data-skin=\"neutral\" style=\"background-color:#f2f2f2;\"><div class=\"nsl-button-svg-container\"><svg xmlns=\"http:\/\/www.w3.org\/2000\/svg\" width=\"24\" height=\"24\" viewbox=\"0 0 24 24\"><path fill=\"#4285F4\" d=\"M20.64 12.2045c0-.6381-.0573-1.2518-.1636-1.8409H12v3.4814h4.8436c-.2086 1.125-.8427 2.0782-1.7959 2.7164v2.2581h2.9087c1.7018-1.5668 2.6836-3.874 2.6836-6.615z\"><\/path><path fill=\"#34A853\" d=\"M12 21c2.43 0 4.4673-.806 5.9564-2.1805l-2.9087-2.2581c-.8059.54-1.8368.859-3.0477.859-2.344 0-4.3282-1.5831-5.036-3.7104H3.9574v2.3318C5.4382 18.9832 8.4818 21 12 21z\"><\/path><path fill=\"#FBBC05\" d=\"M6.964 13.71c-.18-.54-.2822-1.1168-.2822-1.71s.1023-1.17.2823-1.71V7.9582H3.9573A8.9965 8.9965 0 0 0 3 12c0 1.4523.3477 2.8268.9573 4.0418L6.964 13.71z\"><\/path><path fill=\"#EA4335\" d=\"M12 6.5795c1.3214 0 2.5077.4541 3.4405 1.346l2.5813-2.5814C16.4632 3.8918 14.426 3 12 3 8.4818 3 5.4382 5.0168 3.9573 7.9582L6.964 10.29C7.6718 8.1627 9.6559 6.5795 12 6.5795z\"><\/path><\/svg><\/div><div class=\"nsl-button-label-container\">Continue with <b>Google<\/b><\/div><\/div><\/a><\/div><\/div><\/div>\n\t\t\t\t\t\t<\/div>\n\t\t\t\t<\/div>\n\t\t\t\t\t<\/div>\n\t\t\t\t<\/div>\n\t\t\t\t<\/div>","protected":false},"excerpt":{"rendered":"<p>SISTEMA DE GESTI\u00d3N DE CALIDAD POLIT\u00cdCA OBJETIVO MAPA DE PROCESO POLIT\u00cdCA DE CALIDAD Navarra Languages School ofrece un servicio de educaci\u00f3n para el trabajo y el desarrollo humano en el \u00e1rea del ingl\u00e9s como lengua extranjera, para esto se compromete a: Ejecutar un plan estrat\u00e9gico, mantener y mejorar el sistema de gesti\u00f3n de la calidad,&hellip;&nbsp;<a href=\"https:\/\/navarralanguages.edu.co\/en\/sistema-de-gestion\/gestion-de-calidad-publica\/\" rel=\"bookmark\">Read More &raquo;<span class=\"screen-reader-text\">Gesti\u00f3n de Calidad Publica<\/span><\/a><\/p>","protected":false},"author":1,"featured_media":0,"parent":7634,"menu_order":0,"comment_status":"closed","ping_status":"closed","template":"page-templates\/template-pagebuilder-full-width.php","meta":{"neve_meta_sidebar":"","neve_meta_container":"","neve_meta_enable_content_width":"","neve_meta_content_width":0,"neve_meta_title_alignment":"","neve_meta_author_avatar":"","neve_post_elements_order":"","neve_meta_disable_header":"","neve_meta_disable_footer":"","neve_meta_disable_title":"","footnotes":""},"class_list":["post-7964","page","type-page","status-publish","hentry"],"_links":{"self":[{"href":"https:\/\/navarralanguages.edu.co\/en\/wp-json\/wp\/v2\/pages\/7964","targetHints":{"allow":["GET"]}}],"collection":[{"href":"https:\/\/navarralanguages.edu.co\/en\/wp-json\/wp\/v2\/pages"}],"about":[{"href":"https:\/\/navarralanguages.edu.co\/en\/wp-json\/wp\/v2\/types\/page"}],"author":[{"embeddable":true,"href":"https:\/\/navarralanguages.edu.co\/en\/wp-json\/wp\/v2\/users\/1"}],"replies":[{"embeddable":true,"href":"https:\/\/navarralanguages.edu.co\/en\/wp-json\/wp\/v2\/comments?post=7964"}],"version-history":[{"count":12,"href":"https:\/\/navarralanguages.edu.co\/en\/wp-json\/wp\/v2\/pages\/7964\/revisions"}],"predecessor-version":[{"id":7983,"href":"https:\/\/navarralanguages.edu.co\/en\/wp-json\/wp\/v2\/pages\/7964\/revisions\/7983"}],"up":[{"embeddable":true,"href":"https:\/\/navarralanguages.edu.co\/en\/wp-json\/wp\/v2\/pages\/7634"}],"wp:attachment":[{"href":"https:\/\/navarralanguages.edu.co\/en\/wp-json\/wp\/v2\/media?parent=7964"}],"curies":[{"name":"wp","href":"https:\/\/api.w.org\/{rel}","templated":true}]}}